{"id":592,"date":"2023-12-20T18:23:52","date_gmt":"2023-12-20T17:23:52","guid":{"rendered":"https:\/\/www.francecoag.org\/financiers\/"},"modified":"2023-12-20T18:23:52","modified_gmt":"2023-12-20T17:23:52","slug":"financiers","status":"publish","type":"page","link":"https:\/\/www.francecoag.org\/en\/financiers\/","title":{"rendered":"Financing"},"content":{"rendered":"<h2 class=\"main-article__titre crayon article-titre-428866 \">Organisation of the Directorate-General for Healthcare Provision (DGOS)<\/h2>\n<h3>The Managing Director has an office.<\/h3>\n<p>Under the authority of the Chief of Staff, this office is responsible for preparing and monitoring the General Manager&#8217;s files, reserved matters and the mission responsible for the General Manager&#8217;s internal and external communication.<\/p>\n<h3>The General Manager is seconded by :<\/h3>\n<p>A team of medical advisers specialising in the following areas:<br \/>\nResearch and higher education<br \/>\nPrimary care and liberal professionals<br \/>\nVeille et s\u00e9curit\u00e9 sanitaires en lien avec la direction g\u00e9n\u00e9rale de la sant\u00e9<br \/>\nPrimary care and liberal professionals<br \/>\nAn advisor, Commissioner General of Police, in charge of general security and the national observatory for violence in the healthcare environment.<\/p>\n<h3>Project managers report to General Management:<\/h3>\n<p>The &#8220;Strategy for transforming the healthcare system &#8211; My Health 2022&#8221; project team<br \/>\nThe &#8220;Groupements Hospitaliers de Territoires &#8211; GHT&#8221; project team<br \/>\nThe &#8220;Territorial Access to Healthcare&#8221; project manager.<\/p>\n<p>The organisation of the sub-directorates stems from the missions defined in the amended Order of 7 May 2014. The structure of the sub-directorates into offices is set out in the organisation chart. Special Advisers to the Deputy Director may be appointed to carry out cross-departmental tasks or to deal with specific issues not directly dealt with by an office.<\/p>\n<p>&nbsp;<\/p>\n<h2>Industrial Consortium<\/h2>\n<p>&nbsp;<\/p>\n<p><img loading=\"lazy\" decoding=\"async\" class=\"alignnone wp-image-500\" src=\"https:\/\/www.francecoag.org\/wp-content\/uploads\/2024\/01\/Hoffmann-La_Roche_logo.svg_.png\" alt=\"\" width=\"149\" height=\"78\" srcset=\"https:\/\/www.francecoag.org\/wp-content\/uploads\/2024\/01\/Hoffmann-La_Roche_logo.svg_.png 320w, https:\/\/www.francecoag.org\/wp-content\/uploads\/2024\/01\/Hoffmann-La_Roche_logo.svg_-300x157.png 300w\" sizes=\"auto, (max-width: 149px) 100vw, 149px\" \/><\/p>\n<p><strong>Roche<\/strong><br \/>\n<a href=\"http:\/\/www.roche.com\">www.roche.com<\/a><\/p>\n<p>&nbsp;<\/p>\n<p><img loading=\"lazy\" decoding=\"async\" class=\"alignnone wp-image-504\" src=\"https:\/\/www.francecoag.org\/wp-content\/uploads\/2024\/01\/CSL-Behring-2022.webp\" alt=\"\" width=\"149\" height=\"31\" srcset=\"https:\/\/www.francecoag.org\/wp-content\/uploads\/2024\/01\/CSL-Behring-2022.webp 1080w, https:\/\/www.francecoag.org\/wp-content\/uploads\/2024\/01\/CSL-Behring-2022-300x63.webp 300w, https:\/\/www.francecoag.org\/wp-content\/uploads\/2024\/01\/CSL-Behring-2022-1024x213.webp 1024w, https:\/\/www.francecoag.org\/wp-content\/uploads\/2024\/01\/CSL-Behring-2022-768x160.webp 768w\" sizes=\"auto, (max-width: 149px) 100vw, 149px\" \/><\/p>\n<p><strong>CSL<\/strong><br \/>\n<a href=\"https:\/\/www.cslbehring.fr\/\">www.cslbehring.fr<\/a><\/p>\n<p>&nbsp;<\/p>\n<p><img loading=\"lazy\" decoding=\"async\" class=\"alignnone wp-image-506\" src=\"https:\/\/www.francecoag.org\/wp-content\/uploads\/2024\/01\/Novo_Nordisk_-_Logo.svg_.png\" alt=\"\" width=\"150\" height=\"110\" srcset=\"https:\/\/www.francecoag.org\/wp-content\/uploads\/2024\/01\/Novo_Nordisk_-_Logo.svg_.png 1200w, https:\/\/www.francecoag.org\/wp-content\/uploads\/2024\/01\/Novo_Nordisk_-_Logo.svg_-300x220.png 300w, https:\/\/www.francecoag.org\/wp-content\/uploads\/2024\/01\/Novo_Nordisk_-_Logo.svg_-1024x751.png 1024w, https:\/\/www.francecoag.org\/wp-content\/uploads\/2024\/01\/Novo_Nordisk_-_Logo.svg_-768x563.png 768w\" sizes=\"auto, (max-width: 150px) 100vw, 150px\" \/><\/p>\n<p><strong>NovoNordisk<\/strong><br \/>\n<a href=\"http:\/\/www.novonordisk.fr\">www.novonordisk.fr<\/a><\/p>\n<p>&nbsp;<\/p>\n<p><img loading=\"lazy\" decoding=\"async\" class=\"alignnone wp-image-508\" src=\"https:\/\/www.francecoag.org\/wp-content\/uploads\/2024\/01\/SOBI_logo_PNG_rarestrength.png\" alt=\"\" width=\"149\" height=\"56\" srcset=\"https:\/\/www.francecoag.org\/wp-content\/uploads\/2024\/01\/SOBI_logo_PNG_rarestrength.png 1000w, https:\/\/www.francecoag.org\/wp-content\/uploads\/2024\/01\/SOBI_logo_PNG_rarestrength-300x113.png 300w, https:\/\/www.francecoag.org\/wp-content\/uploads\/2024\/01\/SOBI_logo_PNG_rarestrength-768x288.png 768w\" sizes=\"auto, (max-width: 149px) 100vw, 149px\" \/><\/p>\n<p><strong>SOBI<br \/>\n<\/strong><a href=\"https:\/\/www.sobi.com\/france\/fr\">www.sobi.com<\/a><\/p>\n<p>&nbsp;<\/p>\n<p><img loading=\"lazy\" decoding=\"async\" class=\"alignnone wp-image-510\" src=\"https:\/\/www.francecoag.org\/wp-content\/uploads\/2024\/01\/changestothecorporatelogo_block_004.jpg\" alt=\"\" width=\"151\" height=\"89\" srcset=\"https:\/\/www.francecoag.org\/wp-content\/uploads\/2024\/01\/changestothecorporatelogo_block_004.jpg 1600w, https:\/\/www.francecoag.org\/wp-content\/uploads\/2024\/01\/changestothecorporatelogo_block_004-300x177.jpg 300w, https:\/\/www.francecoag.org\/wp-content\/uploads\/2024\/01\/changestothecorporatelogo_block_004-1024x605.jpg 1024w, https:\/\/www.francecoag.org\/wp-content\/uploads\/2024\/01\/changestothecorporatelogo_block_004-768x454.jpg 768w, https:\/\/www.francecoag.org\/wp-content\/uploads\/2024\/01\/changestothecorporatelogo_block_004-1536x908.jpg 1536w\" sizes=\"auto, (max-width: 151px) 100vw, 151px\" \/><\/p>\n<p><strong>Takeda<br \/>\n<\/strong><a href=\"https:\/\/www.takeda.com\/fr-fr\">www.takeda.com<\/a><\/p>\n<p>&nbsp;<\/p>\n<p><img loading=\"lazy\" decoding=\"async\" class=\"alignnone wp-image-512\" src=\"https:\/\/www.francecoag.org\/wp-content\/uploads\/2024\/01\/logo-1-copie.jpg\" alt=\"\" width=\"150\" height=\"100\" srcset=\"https:\/\/www.francecoag.org\/wp-content\/uploads\/2024\/01\/logo-1-copie.jpg 548w, https:\/\/www.francecoag.org\/wp-content\/uploads\/2024\/01\/logo-1-copie-300x200.jpg 300w\" sizes=\"auto, (max-width: 150px) 100vw, 150px\" \/><\/p>\n<p><strong>Pfizer<br \/>\n<\/strong><a href=\"http:\/\/www.pfizer.fr\">www.pfizer.fr<\/a><strong><br \/>\n<\/strong><\/p>\n<p>&nbsp;<\/p>\n<p><img loading=\"lazy\" decoding=\"async\" class=\"alignnone wp-image-514\" src=\"https:\/\/www.francecoag.org\/wp-content\/uploads\/2024\/01\/BLOC-MARQUE_F_-rvb-01_400x400-copie.jpg\" alt=\"\" width=\"150\" height=\"96\" srcset=\"https:\/\/www.francecoag.org\/wp-content\/uploads\/2024\/01\/BLOC-MARQUE_F_-rvb-01_400x400-copie.jpg 400w, https:\/\/www.francecoag.org\/wp-content\/uploads\/2024\/01\/BLOC-MARQUE_F_-rvb-01_400x400-copie-300x192.jpg 300w\" sizes=\"auto, (max-width: 150px) 100vw, 150px\" \/><\/p>\n<p><strong>LFB<br \/>\n<\/strong><a href=\"http:\/\/www.groupe-lfb.com\">www.groupe-lfb.com<\/a><strong><br \/>\n<\/strong><\/p>\n<p>&nbsp;<\/p>\n","protected":false},"excerpt":{"rendered":"<p>Organisation of the Directorate-General for Healthcare Provision (DGOS) The Managing Director has an office. Under the authority of the Chief [&hellip;]<\/p>\n","protected":false},"author":1,"featured_media":0,"parent":0,"menu_order":32,"comment_status":"closed","ping_status":"closed","template":"","meta":{"_acf_changed":false,"footnotes":""},"class_list":["post-592","page","type-page","status-publish","hentry"],"acf":[],"yoast_head":"<!-- This site is optimized with the Yoast SEO plugin v27.5 - https:\/\/yoast.com\/product\/yoast-seo-wordpress\/ -->\n<title>Financing - FranceCoag<\/title>\n<meta name=\"robots\" content=\"index, follow, max-snippet:-1, max-image-preview:large, max-video-preview:-1\" \/>\n<link rel=\"canonical\" href=\"https:\/\/www.francecoag.org\/en\/financiers\/\" \/>\n<meta property=\"og:locale\" content=\"en_US\" \/>\n<meta property=\"og:type\" content=\"article\" \/>\n<meta property=\"og:title\" content=\"Financing - FranceCoag\" \/>\n<meta property=\"og:description\" content=\"Organisation of the Directorate-General for Healthcare Provision (DGOS) The Managing Director has an office. Under the authority of the Chief [&hellip;]\" \/>\n<meta property=\"og:url\" content=\"https:\/\/www.francecoag.org\/en\/financiers\/\" \/>\n<meta property=\"og:site_name\" content=\"FranceCoag\" \/>\n<meta property=\"og:image\" content=\"https:\/\/www.francecoag.org\/wp-content\/uploads\/2024\/01\/Hoffmann-La_Roche_logo.svg_.png\" \/>\n<meta name=\"twitter:card\" content=\"summary_large_image\" \/>\n<meta name=\"twitter:label1\" content=\"Est. reading time\" \/>\n\t<meta name=\"twitter:data1\" content=\"1 minute\" \/>\n<script type=\"application\/ld+json\" class=\"yoast-schema-graph\">{\"@context\":\"https:\\\/\\\/schema.org\",\"@graph\":[{\"@type\":\"WebPage\",\"@id\":\"https:\\\/\\\/www.francecoag.org\\\/en\\\/financiers\\\/\",\"url\":\"https:\\\/\\\/www.francecoag.org\\\/en\\\/financiers\\\/\",\"name\":\"Financing - FranceCoag\",\"isPartOf\":{\"@id\":\"https:\\\/\\\/www.francecoag.org\\\/en\\\/#website\"},\"primaryImageOfPage\":{\"@id\":\"https:\\\/\\\/www.francecoag.org\\\/en\\\/financiers\\\/#primaryimage\"},\"image\":{\"@id\":\"https:\\\/\\\/www.francecoag.org\\\/en\\\/financiers\\\/#primaryimage\"},\"thumbnailUrl\":\"https:\\\/\\\/www.francecoag.org\\\/wp-content\\\/uploads\\\/2024\\\/01\\\/Hoffmann-La_Roche_logo.svg_.png\",\"datePublished\":\"2023-12-20T17:23:52+00:00\",\"breadcrumb\":{\"@id\":\"https:\\\/\\\/www.francecoag.org\\\/en\\\/financiers\\\/#breadcrumb\"},\"inLanguage\":\"en-US\",\"potentialAction\":[{\"@type\":\"ReadAction\",\"target\":[\"https:\\\/\\\/www.francecoag.org\\\/en\\\/financiers\\\/\"]}]},{\"@type\":\"ImageObject\",\"inLanguage\":\"en-US\",\"@id\":\"https:\\\/\\\/www.francecoag.org\\\/en\\\/financiers\\\/#primaryimage\",\"url\":\"https:\\\/\\\/www.francecoag.org\\\/wp-content\\\/uploads\\\/2024\\\/01\\\/Hoffmann-La_Roche_logo.svg_.png\",\"contentUrl\":\"https:\\\/\\\/www.francecoag.org\\\/wp-content\\\/uploads\\\/2024\\\/01\\\/Hoffmann-La_Roche_logo.svg_.png\"},{\"@type\":\"BreadcrumbList\",\"@id\":\"https:\\\/\\\/www.francecoag.org\\\/en\\\/financiers\\\/#breadcrumb\",\"itemListElement\":[{\"@type\":\"ListItem\",\"position\":1,\"name\":\"Accueil\",\"item\":\"https:\\\/\\\/www.francecoag.org\\\/en\\\/\"},{\"@type\":\"ListItem\",\"position\":2,\"name\":\"Financing\"}]},{\"@type\":\"WebSite\",\"@id\":\"https:\\\/\\\/www.francecoag.org\\\/en\\\/#website\",\"url\":\"https:\\\/\\\/www.francecoag.org\\\/en\\\/\",\"name\":\"FranceCoag\",\"description\":\"La cohorte FranceCoag accompagne plus de 10.000 patients atteints d\u2019une maladie h\u00e9morragique\",\"publisher\":{\"@id\":\"https:\\\/\\\/www.francecoag.org\\\/en\\\/#organization\"},\"potentialAction\":[{\"@type\":\"SearchAction\",\"target\":{\"@type\":\"EntryPoint\",\"urlTemplate\":\"https:\\\/\\\/www.francecoag.org\\\/en\\\/?s={search_term_string}\"},\"query-input\":{\"@type\":\"PropertyValueSpecification\",\"valueRequired\":true,\"valueName\":\"search_term_string\"}}],\"inLanguage\":\"en-US\"},{\"@type\":\"Organization\",\"@id\":\"https:\\\/\\\/www.francecoag.org\\\/en\\\/#organization\",\"name\":\"FranceCoag\",\"url\":\"https:\\\/\\\/www.francecoag.org\\\/en\\\/\",\"logo\":{\"@type\":\"ImageObject\",\"inLanguage\":\"en-US\",\"@id\":\"https:\\\/\\\/www.francecoag.org\\\/en\\\/#\\\/schema\\\/logo\\\/image\\\/\",\"url\":\"https:\\\/\\\/www.francecoag.org\\\/wp-content\\\/uploads\\\/2023\\\/12\\\/logo-france-COAG-1.png\",\"contentUrl\":\"https:\\\/\\\/www.francecoag.org\\\/wp-content\\\/uploads\\\/2023\\\/12\\\/logo-france-COAG-1.png\",\"width\":600,\"height\":260,\"caption\":\"FranceCoag\"},\"image\":{\"@id\":\"https:\\\/\\\/www.francecoag.org\\\/en\\\/#\\\/schema\\\/logo\\\/image\\\/\"}}]}<\/script>\n<!-- \/ Yoast SEO plugin. -->","yoast_head_json":{"title":"Financing - FranceCoag","robots":{"index":"index","follow":"follow","max-snippet":"max-snippet:-1","max-image-preview":"max-image-preview:large","max-video-preview":"max-video-preview:-1"},"canonical":"https:\/\/www.francecoag.org\/en\/financiers\/","og_locale":"en_US","og_type":"article","og_title":"Financing - FranceCoag","og_description":"Organisation of the Directorate-General for Healthcare Provision (DGOS) The Managing Director has an office. Under the authority of the Chief [&hellip;]","og_url":"https:\/\/www.francecoag.org\/en\/financiers\/","og_site_name":"FranceCoag","og_image":[{"url":"https:\/\/www.francecoag.org\/wp-content\/uploads\/2024\/01\/Hoffmann-La_Roche_logo.svg_.png","type":"","width":"","height":""}],"twitter_card":"summary_large_image","twitter_misc":{"Est. reading time":"1 minute"},"schema":{"@context":"https:\/\/schema.org","@graph":[{"@type":"WebPage","@id":"https:\/\/www.francecoag.org\/en\/financiers\/","url":"https:\/\/www.francecoag.org\/en\/financiers\/","name":"Financing - FranceCoag","isPartOf":{"@id":"https:\/\/www.francecoag.org\/en\/#website"},"primaryImageOfPage":{"@id":"https:\/\/www.francecoag.org\/en\/financiers\/#primaryimage"},"image":{"@id":"https:\/\/www.francecoag.org\/en\/financiers\/#primaryimage"},"thumbnailUrl":"https:\/\/www.francecoag.org\/wp-content\/uploads\/2024\/01\/Hoffmann-La_Roche_logo.svg_.png","datePublished":"2023-12-20T17:23:52+00:00","breadcrumb":{"@id":"https:\/\/www.francecoag.org\/en\/financiers\/#breadcrumb"},"inLanguage":"en-US","potentialAction":[{"@type":"ReadAction","target":["https:\/\/www.francecoag.org\/en\/financiers\/"]}]},{"@type":"ImageObject","inLanguage":"en-US","@id":"https:\/\/www.francecoag.org\/en\/financiers\/#primaryimage","url":"https:\/\/www.francecoag.org\/wp-content\/uploads\/2024\/01\/Hoffmann-La_Roche_logo.svg_.png","contentUrl":"https:\/\/www.francecoag.org\/wp-content\/uploads\/2024\/01\/Hoffmann-La_Roche_logo.svg_.png"},{"@type":"BreadcrumbList","@id":"https:\/\/www.francecoag.org\/en\/financiers\/#breadcrumb","itemListElement":[{"@type":"ListItem","position":1,"name":"Accueil","item":"https:\/\/www.francecoag.org\/en\/"},{"@type":"ListItem","position":2,"name":"Financing"}]},{"@type":"WebSite","@id":"https:\/\/www.francecoag.org\/en\/#website","url":"https:\/\/www.francecoag.org\/en\/","name":"FranceCoag","description":"La cohorte FranceCoag accompagne plus de 10.000 patients atteints d\u2019une maladie h\u00e9morragique","publisher":{"@id":"https:\/\/www.francecoag.org\/en\/#organization"},"potentialAction":[{"@type":"SearchAction","target":{"@type":"EntryPoint","urlTemplate":"https:\/\/www.francecoag.org\/en\/?s={search_term_string}"},"query-input":{"@type":"PropertyValueSpecification","valueRequired":true,"valueName":"search_term_string"}}],"inLanguage":"en-US"},{"@type":"Organization","@id":"https:\/\/www.francecoag.org\/en\/#organization","name":"FranceCoag","url":"https:\/\/www.francecoag.org\/en\/","logo":{"@type":"ImageObject","inLanguage":"en-US","@id":"https:\/\/www.francecoag.org\/en\/#\/schema\/logo\/image\/","url":"https:\/\/www.francecoag.org\/wp-content\/uploads\/2023\/12\/logo-france-COAG-1.png","contentUrl":"https:\/\/www.francecoag.org\/wp-content\/uploads\/2023\/12\/logo-france-COAG-1.png","width":600,"height":260,"caption":"FranceCoag"},"image":{"@id":"https:\/\/www.francecoag.org\/en\/#\/schema\/logo\/image\/"}}]}},"_links":{"self":[{"href":"https:\/\/www.francecoag.org\/en\/wp-json\/wp\/v2\/pages\/592","targetHints":{"allow":["GET"]}}],"collection":[{"href":"https:\/\/www.francecoag.org\/en\/wp-json\/wp\/v2\/pages"}],"about":[{"href":"https:\/\/www.francecoag.org\/en\/wp-json\/wp\/v2\/types\/page"}],"author":[{"embeddable":true,"href":"https:\/\/www.francecoag.org\/en\/wp-json\/wp\/v2\/users\/1"}],"replies":[{"embeddable":true,"href":"https:\/\/www.francecoag.org\/en\/wp-json\/wp\/v2\/comments?post=592"}],"version-history":[{"count":0,"href":"https:\/\/www.francecoag.org\/en\/wp-json\/wp\/v2\/pages\/592\/revisions"}],"wp:attachment":[{"href":"https:\/\/www.francecoag.org\/en\/wp-json\/wp\/v2\/media?parent=592"}],"curies":[{"name":"wp","href":"https:\/\/api.w.org\/{rel}","templated":true}]}}