{"id":572,"date":"2023-12-20T18:01:00","date_gmt":"2023-12-20T17:01:00","guid":{"rendered":"https:\/\/www.francecoag.org\/presentation-of-france-coag\/governance\/coordination-centre\/"},"modified":"2023-12-20T18:01:00","modified_gmt":"2023-12-20T17:01:00","slug":"coordination-centre","status":"publish","type":"page","link":"https:\/\/www.francecoag.org\/en\/governance\/coordination-centre\/","title":{"rendered":"Coordination centre"},"content":{"rendered":"<h2><strong>Assistance Publique &#8211; H\u00f4pitaux de Marseille<\/strong><\/h2>\n<p><a href=\"mailto:francecoag@ap-hm.fr\">francecoag@ap-hm.fr<\/a><br \/>\nFax : 04 91 38 49 89<\/p>\n<p>&nbsp;<\/p>\n<p><strong>Pr Pascal Auquier<\/strong><br \/>\nScientific Coordination FranceCoag<br \/>\n04 91 38 47 44<\/p>\n<p><strong>Pr Herv\u00e9 Chambost<\/strong><br \/>\nScientific Coordination FranceCoag<br \/>\n04 91 38 67 84<\/p>\n<p><strong>Dr Clemence Tab\u00e9l\u00e9<\/strong><br \/>\nPharmacist Epidemiologist Coordinator<br \/>\n04 91 38 47 44<\/p>\n<p>&nbsp;<\/p>\n<h2><strong>Regional clinical research associates<\/strong><\/h2>\n<p><a href=\"mailto:france.coag.monito@ap-hm.fr\">france.coag.monito@ap-hm.fr<\/a><strong><br \/>\n<\/strong><\/p>\n<p><strong>Vincent Dalibard<\/strong><br \/>\nLille, Amiens, Annecy, Besan\u00e7on, Chamb\u00e9ry, Dijon, Grenoble, Kremlin-Bic\u00eatre, Lyon, Marseille, Martinique, Nancy, Nice, Reims, R\u00e9union, Strasbourg<br \/>\n07 87 32 27 68<\/p>\n<p><strong>Alia Bouhaouche<\/strong><br \/>\nParis-Necker, Brest, Caen, Clermont-Ferrand, Le Chesnay, Le Mans, Montmorency, Paris-Cochin, Rennes, Rouen, St-Etienne<br \/>\n01 44 49 57 58<\/p>\n<p><strong>Djamel Kherfellah<\/strong><br \/>\nBordeaux, Limoges, Montpellier, Nantes, Poitiers, Toulouse, Tours<br \/>\n05 56 79 48 79<\/p>\n<h2><\/h2>\n<h2><strong>Statistician Coordinator<\/strong><\/h2>\n<p>Mohamed Boucekine<br \/>\n04 91 38 47 44<\/p>\n<p>&nbsp;<\/p>\n<h2><strong>Data manager<\/strong><\/h2>\n<p>Romain Voltzenlogel<br \/>\n04 91 38 47 44<\/p>\n<p>&nbsp;<\/p>\n","protected":false},"excerpt":{"rendered":"<p>Assistance Publique &#8211; H\u00f4pitaux de Marseille francecoag@ap-hm.fr Fax : 04 91 38 49 89 &nbsp; Pr Pascal Auquier Scientific Coordination [&hellip;]<\/p>\n","protected":false},"author":1,"featured_media":0,"parent":570,"menu_order":13,"comment_status":"closed","ping_status":"closed","template":"","meta":{"_acf_changed":false,"footnotes":""},"class_list":["post-572","page","type-page","status-publish","hentry"],"acf":[],"yoast_head":"<!-- This site is optimized with the Yoast SEO plugin v27.5 - https:\/\/yoast.com\/product\/yoast-seo-wordpress\/ -->\n<title>Coordination centre - FranceCoag<\/title>\n<meta name=\"robots\" content=\"index, follow, max-snippet:-1, max-image-preview:large, max-video-preview:-1\" \/>\n<link rel=\"canonical\" href=\"https:\/\/www.francecoag.org\/en\/governance\/coordination-centre\/\" \/>\n<meta property=\"og:locale\" content=\"en_US\" \/>\n<meta property=\"og:type\" content=\"article\" \/>\n<meta property=\"og:title\" content=\"Coordination centre - FranceCoag\" \/>\n<meta property=\"og:description\" content=\"Assistance Publique &#8211; H\u00f4pitaux de Marseille francecoag@ap-hm.fr Fax : 04 91 38 49 89 &nbsp; Pr Pascal Auquier Scientific Coordination [&hellip;]\" \/>\n<meta property=\"og:url\" content=\"https:\/\/www.francecoag.org\/en\/governance\/coordination-centre\/\" \/>\n<meta property=\"og:site_name\" content=\"FranceCoag\" \/>\n<meta name=\"twitter:card\" content=\"summary_large_image\" \/>\n<script type=\"application\/ld+json\" class=\"yoast-schema-graph\">{\"@context\":\"https:\\\/\\\/schema.org\",\"@graph\":[{\"@type\":\"WebPage\",\"@id\":\"https:\\\/\\\/www.francecoag.org\\\/en\\\/governance\\\/coordination-centre\\\/\",\"url\":\"https:\\\/\\\/www.francecoag.org\\\/en\\\/governance\\\/coordination-centre\\\/\",\"name\":\"Coordination centre - FranceCoag\",\"isPartOf\":{\"@id\":\"https:\\\/\\\/www.francecoag.org\\\/en\\\/#website\"},\"datePublished\":\"2023-12-20T17:01:00+00:00\",\"breadcrumb\":{\"@id\":\"https:\\\/\\\/www.francecoag.org\\\/en\\\/governance\\\/coordination-centre\\\/#breadcrumb\"},\"inLanguage\":\"en-US\",\"potentialAction\":[{\"@type\":\"ReadAction\",\"target\":[\"https:\\\/\\\/www.francecoag.org\\\/en\\\/governance\\\/coordination-centre\\\/\"]}]},{\"@type\":\"BreadcrumbList\",\"@id\":\"https:\\\/\\\/www.francecoag.org\\\/en\\\/governance\\\/coordination-centre\\\/#breadcrumb\",\"itemListElement\":[{\"@type\":\"ListItem\",\"position\":1,\"name\":\"Accueil\",\"item\":\"https:\\\/\\\/www.francecoag.org\\\/en\\\/\"},{\"@type\":\"ListItem\",\"position\":2,\"name\":\"Presentation of France COAG\",\"item\":\"https:\\\/\\\/www.francecoag.org\\\/en\\\/presentation-of-france-coag\\\/\"},{\"@type\":\"ListItem\",\"position\":3,\"name\":\"Governance\",\"item\":\"https:\\\/\\\/www.francecoag.org\\\/en\\\/presentation-of-france-coag\\\/governance\\\/\"},{\"@type\":\"ListItem\",\"position\":4,\"name\":\"Coordination centre\"}]},{\"@type\":\"WebSite\",\"@id\":\"https:\\\/\\\/www.francecoag.org\\\/en\\\/#website\",\"url\":\"https:\\\/\\\/www.francecoag.org\\\/en\\\/\",\"name\":\"FranceCoag\",\"description\":\"La cohorte FranceCoag accompagne plus de 10.000 patients atteints d\u2019une maladie h\u00e9morragique\",\"publisher\":{\"@id\":\"https:\\\/\\\/www.francecoag.org\\\/en\\\/#organization\"},\"potentialAction\":[{\"@type\":\"SearchAction\",\"target\":{\"@type\":\"EntryPoint\",\"urlTemplate\":\"https:\\\/\\\/www.francecoag.org\\\/en\\\/?s={search_term_string}\"},\"query-input\":{\"@type\":\"PropertyValueSpecification\",\"valueRequired\":true,\"valueName\":\"search_term_string\"}}],\"inLanguage\":\"en-US\"},{\"@type\":\"Organization\",\"@id\":\"https:\\\/\\\/www.francecoag.org\\\/en\\\/#organization\",\"name\":\"FranceCoag\",\"url\":\"https:\\\/\\\/www.francecoag.org\\\/en\\\/\",\"logo\":{\"@type\":\"ImageObject\",\"inLanguage\":\"en-US\",\"@id\":\"https:\\\/\\\/www.francecoag.org\\\/en\\\/#\\\/schema\\\/logo\\\/image\\\/\",\"url\":\"https:\\\/\\\/www.francecoag.org\\\/wp-content\\\/uploads\\\/2023\\\/12\\\/logo-france-COAG-1.png\",\"contentUrl\":\"https:\\\/\\\/www.francecoag.org\\\/wp-content\\\/uploads\\\/2023\\\/12\\\/logo-france-COAG-1.png\",\"width\":600,\"height\":260,\"caption\":\"FranceCoag\"},\"image\":{\"@id\":\"https:\\\/\\\/www.francecoag.org\\\/en\\\/#\\\/schema\\\/logo\\\/image\\\/\"}}]}<\/script>\n<!-- \/ Yoast SEO plugin. -->","yoast_head_json":{"title":"Coordination centre - FranceCoag","robots":{"index":"index","follow":"follow","max-snippet":"max-snippet:-1","max-image-preview":"max-image-preview:large","max-video-preview":"max-video-preview:-1"},"canonical":"https:\/\/www.francecoag.org\/en\/governance\/coordination-centre\/","og_locale":"en_US","og_type":"article","og_title":"Coordination centre - FranceCoag","og_description":"Assistance Publique &#8211; H\u00f4pitaux de Marseille francecoag@ap-hm.fr Fax : 04 91 38 49 89 &nbsp; Pr Pascal Auquier Scientific Coordination [&hellip;]","og_url":"https:\/\/www.francecoag.org\/en\/governance\/coordination-centre\/","og_site_name":"FranceCoag","twitter_card":"summary_large_image","schema":{"@context":"https:\/\/schema.org","@graph":[{"@type":"WebPage","@id":"https:\/\/www.francecoag.org\/en\/governance\/coordination-centre\/","url":"https:\/\/www.francecoag.org\/en\/governance\/coordination-centre\/","name":"Coordination centre - FranceCoag","isPartOf":{"@id":"https:\/\/www.francecoag.org\/en\/#website"},"datePublished":"2023-12-20T17:01:00+00:00","breadcrumb":{"@id":"https:\/\/www.francecoag.org\/en\/governance\/coordination-centre\/#breadcrumb"},"inLanguage":"en-US","potentialAction":[{"@type":"ReadAction","target":["https:\/\/www.francecoag.org\/en\/governance\/coordination-centre\/"]}]},{"@type":"BreadcrumbList","@id":"https:\/\/www.francecoag.org\/en\/governance\/coordination-centre\/#breadcrumb","itemListElement":[{"@type":"ListItem","position":1,"name":"Accueil","item":"https:\/\/www.francecoag.org\/en\/"},{"@type":"ListItem","position":2,"name":"Presentation of France COAG","item":"https:\/\/www.francecoag.org\/en\/presentation-of-france-coag\/"},{"@type":"ListItem","position":3,"name":"Governance","item":"https:\/\/www.francecoag.org\/en\/presentation-of-france-coag\/governance\/"},{"@type":"ListItem","position":4,"name":"Coordination centre"}]},{"@type":"WebSite","@id":"https:\/\/www.francecoag.org\/en\/#website","url":"https:\/\/www.francecoag.org\/en\/","name":"FranceCoag","description":"La cohorte FranceCoag accompagne plus de 10.000 patients atteints d\u2019une maladie h\u00e9morragique","publisher":{"@id":"https:\/\/www.francecoag.org\/en\/#organization"},"potentialAction":[{"@type":"SearchAction","target":{"@type":"EntryPoint","urlTemplate":"https:\/\/www.francecoag.org\/en\/?s={search_term_string}"},"query-input":{"@type":"PropertyValueSpecification","valueRequired":true,"valueName":"search_term_string"}}],"inLanguage":"en-US"},{"@type":"Organization","@id":"https:\/\/www.francecoag.org\/en\/#organization","name":"FranceCoag","url":"https:\/\/www.francecoag.org\/en\/","logo":{"@type":"ImageObject","inLanguage":"en-US","@id":"https:\/\/www.francecoag.org\/en\/#\/schema\/logo\/image\/","url":"https:\/\/www.francecoag.org\/wp-content\/uploads\/2023\/12\/logo-france-COAG-1.png","contentUrl":"https:\/\/www.francecoag.org\/wp-content\/uploads\/2023\/12\/logo-france-COAG-1.png","width":600,"height":260,"caption":"FranceCoag"},"image":{"@id":"https:\/\/www.francecoag.org\/en\/#\/schema\/logo\/image\/"}}]}},"_links":{"self":[{"href":"https:\/\/www.francecoag.org\/en\/wp-json\/wp\/v2\/pages\/572","targetHints":{"allow":["GET"]}}],"collection":[{"href":"https:\/\/www.francecoag.org\/en\/wp-json\/wp\/v2\/pages"}],"about":[{"href":"https:\/\/www.francecoag.org\/en\/wp-json\/wp\/v2\/types\/page"}],"author":[{"embeddable":true,"href":"https:\/\/www.francecoag.org\/en\/wp-json\/wp\/v2\/users\/1"}],"replies":[{"embeddable":true,"href":"https:\/\/www.francecoag.org\/en\/wp-json\/wp\/v2\/comments?post=572"}],"version-history":[{"count":0,"href":"https:\/\/www.francecoag.org\/en\/wp-json\/wp\/v2\/pages\/572\/revisions"}],"up":[{"embeddable":true,"href":"https:\/\/www.francecoag.org\/en\/wp-json\/wp\/v2\/pages\/570"}],"wp:attachment":[{"href":"https:\/\/www.francecoag.org\/en\/wp-json\/wp\/v2\/media?parent=572"}],"curies":[{"name":"wp","href":"https:\/\/api.w.org\/{rel}","templated":true}]}}